{"id":1967,"date":"2022-08-12T14:03:06","date_gmt":"2022-08-12T12:03:06","guid":{"rendered":"https:\/\/duplico.com\/?page_id=1967"},"modified":"2023-06-15T12:37:59","modified_gmt":"2023-06-15T10:37:59","slug":"usluge","status":"publish","type":"page","link":"https:\/\/duplico.com\/hr\/usluge","title":{"rendered":"Usluge"},"content":{"rendered":"","protected":false},"excerpt":{"rendered":"","protected":false},"author":2,"featured_media":0,"parent":0,"menu_order":0,"comment_status":"closed","ping_status":"closed","template":"","meta":{"footnotes":""},"acf":[],"yoast_head":"<!-- This site is optimized with the Yoast SEO plugin v21.8.1 - https:\/\/yoast.com\/wordpress\/plugins\/seo\/ -->\n<title>Usluge - Duplico<\/title>\n<meta name=\"description\" content=\"Na\u0161e usluge nude \u0161iroku ponudu inovativnih rje\u0161enja u podru\u010dju elektrotehnike i ICT industrije. Saznajte vi\u0161e.\" \/>\n<meta name=\"robots\" content=\"index, follow, max-snippet:-1, max-image-preview:large, max-video-preview:-1\" \/>\n<link rel=\"canonical\" href=\"https:\/\/duplico.com\/hr\/usluge\" \/>\n<meta property=\"og:locale\" content=\"hr_HR\" \/>\n<meta property=\"og:type\" content=\"article\" \/>\n<meta property=\"og:title\" content=\"Usluge - Duplico\" \/>\n<meta property=\"og:description\" content=\"Na\u0161e usluge nude \u0161iroku ponudu inovativnih rje\u0161enja u podru\u010dju elektrotehnike i ICT industrije. Saznajte vi\u0161e.\" \/>\n<meta property=\"og:url\" content=\"https:\/\/duplico.com\/hr\/usluge\" \/>\n<meta property=\"og:site_name\" content=\"Duplico\" \/>\n<meta property=\"article:modified_time\" content=\"2023-06-15T10:37:59+00:00\" \/>\n<meta name=\"twitter:card\" content=\"summary_large_image\" \/>\n<script type=\"application\/ld+json\" class=\"yoast-schema-graph\">{\"@context\":\"https:\/\/schema.org\",\"@graph\":[{\"@type\":\"WebPage\",\"@id\":\"https:\/\/duplico.com\/hr\/usluge\",\"url\":\"https:\/\/duplico.com\/hr\/usluge\",\"name\":\"Usluge - Duplico\",\"isPartOf\":{\"@id\":\"https:\/\/duplico.com\/#website\"},\"datePublished\":\"2022-08-12T12:03:06+00:00\",\"dateModified\":\"2023-06-15T10:37:59+00:00\",\"description\":\"Na\u0161e usluge nude \u0161iroku ponudu inovativnih rje\u0161enja u podru\u010dju elektrotehnike i ICT industrije. Saznajte vi\u0161e.\",\"breadcrumb\":{\"@id\":\"https:\/\/duplico.com\/hr\/usluge#breadcrumb\"},\"inLanguage\":\"hr\",\"potentialAction\":[{\"@type\":\"ReadAction\",\"target\":[\"https:\/\/duplico.com\/hr\/usluge\"]}]},{\"@type\":\"BreadcrumbList\",\"@id\":\"https:\/\/duplico.com\/hr\/usluge#breadcrumb\",\"itemListElement\":[{\"@type\":\"ListItem\",\"position\":1,\"name\":\"Home\",\"item\":\"https:\/\/duplico.com\/hr\"},{\"@type\":\"ListItem\",\"position\":2,\"name\":\"Usluge\"}]},{\"@type\":\"WebSite\",\"@id\":\"https:\/\/duplico.com\/#website\",\"url\":\"https:\/\/duplico.com\/\",\"name\":\"Duplico\",\"description\":\"Electrical Engineering &amp; ICT Solutions\",\"potentialAction\":[{\"@type\":\"SearchAction\",\"target\":{\"@type\":\"EntryPoint\",\"urlTemplate\":\"https:\/\/duplico.com\/?s={search_term_string}\"},\"query-input\":\"required name=search_term_string\"}],\"inLanguage\":\"hr\"}]}<\/script>\n<!-- \/ Yoast SEO plugin. -->","yoast_head_json":{"title":"Usluge - Duplico","description":"Na\u0161e usluge nude \u0161iroku ponudu inovativnih rje\u0161enja u podru\u010dju elektrotehnike i ICT industrije. Saznajte vi\u0161e.","robots":{"index":"index","follow":"follow","max-snippet":"max-snippet:-1","max-image-preview":"max-image-preview:large","max-video-preview":"max-video-preview:-1"},"canonical":"https:\/\/duplico.com\/hr\/usluge","og_locale":"hr_HR","og_type":"article","og_title":"Usluge - Duplico","og_description":"Na\u0161e usluge nude \u0161iroku ponudu inovativnih rje\u0161enja u podru\u010dju elektrotehnike i ICT industrije. Saznajte vi\u0161e.","og_url":"https:\/\/duplico.com\/hr\/usluge","og_site_name":"Duplico","article_modified_time":"2023-06-15T10:37:59+00:00","twitter_card":"summary_large_image","schema":{"@context":"https:\/\/schema.org","@graph":[{"@type":"WebPage","@id":"https:\/\/duplico.com\/hr\/usluge","url":"https:\/\/duplico.com\/hr\/usluge","name":"Usluge - Duplico","isPartOf":{"@id":"https:\/\/duplico.com\/#website"},"datePublished":"2022-08-12T12:03:06+00:00","dateModified":"2023-06-15T10:37:59+00:00","description":"Na\u0161e usluge nude \u0161iroku ponudu inovativnih rje\u0161enja u podru\u010dju elektrotehnike i ICT industrije. Saznajte vi\u0161e.","breadcrumb":{"@id":"https:\/\/duplico.com\/hr\/usluge#breadcrumb"},"inLanguage":"hr","potentialAction":[{"@type":"ReadAction","target":["https:\/\/duplico.com\/hr\/usluge"]}]},{"@type":"BreadcrumbList","@id":"https:\/\/duplico.com\/hr\/usluge#breadcrumb","itemListElement":[{"@type":"ListItem","position":1,"name":"Home","item":"https:\/\/duplico.com\/hr"},{"@type":"ListItem","position":2,"name":"Usluge"}]},{"@type":"WebSite","@id":"https:\/\/duplico.com\/#website","url":"https:\/\/duplico.com\/","name":"Duplico","description":"Electrical Engineering &amp; ICT Solutions","potentialAction":[{"@type":"SearchAction","target":{"@type":"EntryPoint","urlTemplate":"https:\/\/duplico.com\/?s={search_term_string}"},"query-input":"required name=search_term_string"}],"inLanguage":"hr"}]}},"_links":{"self":[{"href":"https:\/\/duplico.com\/hr\/wp-json\/wp\/v2\/pages\/1967"}],"collection":[{"href":"https:\/\/duplico.com\/hr\/wp-json\/wp\/v2\/pages"}],"about":[{"href":"https:\/\/duplico.com\/hr\/wp-json\/wp\/v2\/types\/page"}],"author":[{"embeddable":true,"href":"https:\/\/duplico.com\/hr\/wp-json\/wp\/v2\/users\/2"}],"replies":[{"embeddable":true,"href":"https:\/\/duplico.com\/hr\/wp-json\/wp\/v2\/comments?post=1967"}],"version-history":[{"count":1,"href":"https:\/\/duplico.com\/hr\/wp-json\/wp\/v2\/pages\/1967\/revisions"}],"predecessor-version":[{"id":1968,"href":"https:\/\/duplico.com\/hr\/wp-json\/wp\/v2\/pages\/1967\/revisions\/1968"}],"wp:attachment":[{"href":"https:\/\/duplico.com\/hr\/wp-json\/wp\/v2\/media?parent=1967"}],"curies":[{"name":"wp","href":"https:\/\/api.w.org\/{rel}","templated":true}]}}