{"id":1965,"date":"2022-08-12T14:02:42","date_gmt":"2022-08-12T12:02:42","guid":{"rendered":"https:\/\/duplico.com\/?page_id=1965"},"modified":"2023-06-15T12:06:21","modified_gmt":"2023-06-15T10:06:21","slug":"resursi","status":"publish","type":"page","link":"https:\/\/duplico.com\/hr\/resursi","title":{"rendered":"Resursi"},"content":{"rendered":"","protected":false},"excerpt":{"rendered":"","protected":false},"author":2,"featured_media":0,"parent":0,"menu_order":0,"comment_status":"closed","ping_status":"closed","template":"","meta":{"footnotes":""},"acf":[],"yoast_head":"<!-- This site is optimized with the Yoast SEO plugin v21.8.1 - https:\/\/yoast.com\/wordpress\/plugins\/seo\/ -->\n<title>Resursi - Duplico<\/title>\n<meta name=\"description\" content=\"Pogledate na\u0161e resurse i saznajte najnovije vijesti i uspje\u0161ne projekte. Kontaktirajte nas za vi\u0161e informacija.\" \/>\n<meta name=\"robots\" content=\"index, follow, max-snippet:-1, max-image-preview:large, max-video-preview:-1\" \/>\n<link rel=\"canonical\" href=\"https:\/\/duplico.com\/hr\/resursi\" \/>\n<meta property=\"og:locale\" content=\"hr_HR\" \/>\n<meta property=\"og:type\" content=\"article\" \/>\n<meta property=\"og:title\" content=\"Resursi - Duplico\" \/>\n<meta property=\"og:description\" content=\"Pogledate na\u0161e resurse i saznajte najnovije vijesti i uspje\u0161ne projekte. Kontaktirajte nas za vi\u0161e informacija.\" \/>\n<meta property=\"og:url\" content=\"https:\/\/duplico.com\/hr\/resursi\" \/>\n<meta property=\"og:site_name\" content=\"Duplico\" \/>\n<meta property=\"article:modified_time\" content=\"2023-06-15T10:06:21+00:00\" \/>\n<meta name=\"twitter:card\" content=\"summary_large_image\" \/>\n<script type=\"application\/ld+json\" class=\"yoast-schema-graph\">{\"@context\":\"https:\/\/schema.org\",\"@graph\":[{\"@type\":\"WebPage\",\"@id\":\"https:\/\/duplico.com\/hr\/resursi\",\"url\":\"https:\/\/duplico.com\/hr\/resursi\",\"name\":\"Resursi - Duplico\",\"isPartOf\":{\"@id\":\"https:\/\/duplico.com\/#website\"},\"datePublished\":\"2022-08-12T12:02:42+00:00\",\"dateModified\":\"2023-06-15T10:06:21+00:00\",\"description\":\"Pogledate na\u0161e resurse i saznajte najnovije vijesti i uspje\u0161ne projekte. Kontaktirajte nas za vi\u0161e informacija.\",\"breadcrumb\":{\"@id\":\"https:\/\/duplico.com\/hr\/resursi#breadcrumb\"},\"inLanguage\":\"hr\",\"potentialAction\":[{\"@type\":\"ReadAction\",\"target\":[\"https:\/\/duplico.com\/hr\/resursi\"]}]},{\"@type\":\"BreadcrumbList\",\"@id\":\"https:\/\/duplico.com\/hr\/resursi#breadcrumb\",\"itemListElement\":[{\"@type\":\"ListItem\",\"position\":1,\"name\":\"Home\",\"item\":\"https:\/\/duplico.com\/hr\"},{\"@type\":\"ListItem\",\"position\":2,\"name\":\"Resursi\"}]},{\"@type\":\"WebSite\",\"@id\":\"https:\/\/duplico.com\/#website\",\"url\":\"https:\/\/duplico.com\/\",\"name\":\"Duplico\",\"description\":\"Electrical Engineering &amp; ICT Solutions\",\"potentialAction\":[{\"@type\":\"SearchAction\",\"target\":{\"@type\":\"EntryPoint\",\"urlTemplate\":\"https:\/\/duplico.com\/?s={search_term_string}\"},\"query-input\":\"required name=search_term_string\"}],\"inLanguage\":\"hr\"}]}<\/script>\n<!-- \/ Yoast SEO plugin. -->","yoast_head_json":{"title":"Resursi - Duplico","description":"Pogledate na\u0161e resurse i saznajte najnovije vijesti i uspje\u0161ne projekte. Kontaktirajte nas za vi\u0161e informacija.","robots":{"index":"index","follow":"follow","max-snippet":"max-snippet:-1","max-image-preview":"max-image-preview:large","max-video-preview":"max-video-preview:-1"},"canonical":"https:\/\/duplico.com\/hr\/resursi","og_locale":"hr_HR","og_type":"article","og_title":"Resursi - Duplico","og_description":"Pogledate na\u0161e resurse i saznajte najnovije vijesti i uspje\u0161ne projekte. Kontaktirajte nas za vi\u0161e informacija.","og_url":"https:\/\/duplico.com\/hr\/resursi","og_site_name":"Duplico","article_modified_time":"2023-06-15T10:06:21+00:00","twitter_card":"summary_large_image","schema":{"@context":"https:\/\/schema.org","@graph":[{"@type":"WebPage","@id":"https:\/\/duplico.com\/hr\/resursi","url":"https:\/\/duplico.com\/hr\/resursi","name":"Resursi - Duplico","isPartOf":{"@id":"https:\/\/duplico.com\/#website"},"datePublished":"2022-08-12T12:02:42+00:00","dateModified":"2023-06-15T10:06:21+00:00","description":"Pogledate na\u0161e resurse i saznajte najnovije vijesti i uspje\u0161ne projekte. Kontaktirajte nas za vi\u0161e informacija.","breadcrumb":{"@id":"https:\/\/duplico.com\/hr\/resursi#breadcrumb"},"inLanguage":"hr","potentialAction":[{"@type":"ReadAction","target":["https:\/\/duplico.com\/hr\/resursi"]}]},{"@type":"BreadcrumbList","@id":"https:\/\/duplico.com\/hr\/resursi#breadcrumb","itemListElement":[{"@type":"ListItem","position":1,"name":"Home","item":"https:\/\/duplico.com\/hr"},{"@type":"ListItem","position":2,"name":"Resursi"}]},{"@type":"WebSite","@id":"https:\/\/duplico.com\/#website","url":"https:\/\/duplico.com\/","name":"Duplico","description":"Electrical Engineering &amp; ICT Solutions","potentialAction":[{"@type":"SearchAction","target":{"@type":"EntryPoint","urlTemplate":"https:\/\/duplico.com\/?s={search_term_string}"},"query-input":"required name=search_term_string"}],"inLanguage":"hr"}]}},"_links":{"self":[{"href":"https:\/\/duplico.com\/hr\/wp-json\/wp\/v2\/pages\/1965"}],"collection":[{"href":"https:\/\/duplico.com\/hr\/wp-json\/wp\/v2\/pages"}],"about":[{"href":"https:\/\/duplico.com\/hr\/wp-json\/wp\/v2\/types\/page"}],"author":[{"embeddable":true,"href":"https:\/\/duplico.com\/hr\/wp-json\/wp\/v2\/users\/2"}],"replies":[{"embeddable":true,"href":"https:\/\/duplico.com\/hr\/wp-json\/wp\/v2\/comments?post=1965"}],"version-history":[{"count":2,"href":"https:\/\/duplico.com\/hr\/wp-json\/wp\/v2\/pages\/1965\/revisions"}],"predecessor-version":[{"id":3242,"href":"https:\/\/duplico.com\/hr\/wp-json\/wp\/v2\/pages\/1965\/revisions\/3242"}],"wp:attachment":[{"href":"https:\/\/duplico.com\/hr\/wp-json\/wp\/v2\/media?parent=1965"}],"curies":[{"name":"wp","href":"https:\/\/api.w.org\/{rel}","templated":true}]}}